{"id":1081,"date":"2008-09-29T19:39:56","date_gmt":"2008-09-29T16:39:56","guid":{"rendered":"http:\/\/modeliuok.lt\/?page_id=1081"},"modified":"2023-07-03T23:40:38","modified_gmt":"2023-07-03T20:40:38","slug":"kontaktai","status":"publish","type":"page","link":"https:\/\/modeliuok.lt\/?page_id=1081","title":{"rendered":"Kontaktai"},"content":{"rendered":"<p><strong>V\u0160\u012e IPMS MODELIUOK<\/strong><\/p>\n<p>Adresas: Jona\u017eoli\u0173 g.7-3, Vilnius, LT-04138<\/p>\n<p>\u012emon\u0117s kodas: 306340728<\/p>\n<p>Banko s\u0105skaitos Nr. LT814010051005735130 AB Luminor<\/p>\n<p>info@modeliuok.lt<\/p>\n","protected":false},"excerpt":{"rendered":"<p>V\u0160\u012e IPMS MODELIUOK Adresas: Jona\u017eoli\u0173 g.7-3, Vilnius, LT-04138 \u012emon\u0117s kodas: 306340728 Banko s\u0105skaitos Nr. LT814010051005735130 AB Luminor info@modeliuok.lt<\/p>\n","protected":false},"author":1,"featured_media":0,"parent":0,"menu_order":0,"comment_status":"closed","ping_status":"closed","template":"","meta":{"ngg_post_thumbnail":0,"footnotes":""},"_links":{"self":[{"href":"https:\/\/modeliuok.lt\/index.php?rest_route=\/wp\/v2\/pages\/1081"}],"collection":[{"href":"https:\/\/modeliuok.lt\/index.php?rest_route=\/wp\/v2\/pages"}],"about":[{"href":"https:\/\/modeliuok.lt\/index.php?rest_route=\/wp\/v2\/types\/page"}],"author":[{"embeddable":true,"href":"https:\/\/modeliuok.lt\/index.php?rest_route=\/wp\/v2\/users\/1"}],"replies":[{"embeddable":true,"href":"https:\/\/modeliuok.lt\/index.php?rest_route=%2Fwp%2Fv2%2Fcomments&post=1081"}],"version-history":[{"count":10,"href":"https:\/\/modeliuok.lt\/index.php?rest_route=\/wp\/v2\/pages\/1081\/revisions"}],"predecessor-version":[{"id":12384,"href":"https:\/\/modeliuok.lt\/index.php?rest_route=\/wp\/v2\/pages\/1081\/revisions\/12384"}],"wp:attachment":[{"href":"https:\/\/modeliuok.lt\/index.php?rest_route=%2Fwp%2Fv2%2Fmedia&parent=1081"}],"curies":[{"name":"wp","href":"https:\/\/api.w.org\/{rel}","templated":true}]}}