{"id":2,"date":"2008-07-01T20:49:34","date_gmt":"2008-07-01T17:49:34","guid":{"rendered":"http:\/\/modeliuok.lt\/?page_id=2"},"modified":"2023-07-03T23:42:53","modified_gmt":"2023-07-03T20:42:53","slug":"about","status":"publish","type":"page","link":"https:\/\/modeliuok.lt\/?page_id=2","title":{"rendered":"Apie mus"},"content":{"rendered":"<p style=\"text-align: justify;\">Modeliuok.LT klubas buvo \u012fkurtas 2009 m. kovo 30 d., siekiant populiarinti stendin\u012f modeliavim\u0105 Lietuvoje. Tai pirmoji Lietuvoje oficiali, stendin\u012f modeliavim\u0105 atstovaujanti, \u012fstaiga, kuri sub\u016br\u0117 bendr\u0105 pom\u0117g\u012f turin\u010dius \u017emones, bendravimui, modeliavimo propagavimui, dalinimuisi patirtimi. Daugiau informacijos apie modeliuotoj\u0173 klub\u0105 Modeliuok.LT galite rasti klubo forume:<\/p>\n<p style=\"text-align: justify;\"><a href=\"http:\/\/www.modeliuok.lt\/forum\/index.php?sid=49e677bdef55bb84585b82797708ee8a\" target=\"_blank\" rel=\"noopener noreferrer\">www.modeliuok.lt\/forum<\/a><\/p>\n<p style=\"text-align: justify;\">Modeliuok.LT kelia sau tikslus tapti did\u017eiausia tokio pob\u016bd\u017eio organizacija Lietuvoje, organizuoti stendini\u0173 modeli\u0173 parodas ir konkursus, atstovauti Lietuvos modeliuotojus u\u017esienyje, bendradarbiauti su tokio pat pob\u016bd\u017eio organizacijomis Lietuvoje ir u\u017esienyje, sukurti informatyvi\u0105 mokom\u0105j\u0105 interneto svetain\u0119, kurioje galima b\u016bt\u0173 susipa\u017einti su stendinio modeliavimo pagrindais bei profesionaliomis modeliavimo technologijomis.<\/p>\n<p style=\"text-align: justify;\">&nbsp;<\/p>\n","protected":false},"excerpt":{"rendered":"<p>Modeliuok.LT klubas buvo \u012fkurtas 2009 m. kovo 30 d., siekiant populiarinti stendin\u012f modeliavim\u0105 Lietuvoje. Tai pirmoji Lietuvoje oficiali, stendin\u012f modeliavim\u0105 atstovaujanti, \u012fstaiga, kuri sub\u016br\u0117 bendr\u0105 pom\u0117g\u012f turin\u010dius \u017emones, bendravimui, modeliavimo propagavimui, dalinimuisi patirtimi. Daugiau informacijos apie modeliuotoj\u0173 klub\u0105 Modeliuok.LT galite rasti klubo forume: www.modeliuok.lt\/forum Modeliuok.LT kelia sau tikslus tapti did\u017eiausia tokio pob\u016bd\u017eio organizacija Lietuvoje, organizuoti [&hellip;]<\/p>\n","protected":false},"author":1,"featured_media":0,"parent":0,"menu_order":0,"comment_status":"closed","ping_status":"closed","template":"","meta":{"ngg_post_thumbnail":0,"footnotes":""},"_links":{"self":[{"href":"https:\/\/modeliuok.lt\/index.php?rest_route=\/wp\/v2\/pages\/2"}],"collection":[{"href":"https:\/\/modeliuok.lt\/index.php?rest_route=\/wp\/v2\/pages"}],"about":[{"href":"https:\/\/modeliuok.lt\/index.php?rest_route=\/wp\/v2\/types\/page"}],"author":[{"embeddable":true,"href":"https:\/\/modeliuok.lt\/index.php?rest_route=\/wp\/v2\/users\/1"}],"replies":[{"embeddable":true,"href":"https:\/\/modeliuok.lt\/index.php?rest_route=%2Fwp%2Fv2%2Fcomments&post=2"}],"version-history":[{"count":14,"href":"https:\/\/modeliuok.lt\/index.php?rest_route=\/wp\/v2\/pages\/2\/revisions"}],"predecessor-version":[{"id":12385,"href":"https:\/\/modeliuok.lt\/index.php?rest_route=\/wp\/v2\/pages\/2\/revisions\/12385"}],"wp:attachment":[{"href":"https:\/\/modeliuok.lt\/index.php?rest_route=%2Fwp%2Fv2%2Fmedia&parent=2"}],"curies":[{"name":"wp","href":"https:\/\/api.w.org\/{rel}","templated":true}]}}