{"id":3055,"date":"2009-07-10T18:36:00","date_gmt":"2009-07-10T15:36:00","guid":{"rendered":"http:\/\/modeliuok.lt\/?page_id=3055"},"modified":"2024-04-15T10:28:54","modified_gmt":"2024-04-15T07:28:54","slug":"parama","status":"publish","type":"page","link":"https:\/\/modeliuok.lt\/?page_id=3055","title":{"rendered":"Parama"},"content":{"rendered":"<p>Remkite mus contribee<\/p>\n<p><a href=\"https:\/\/contribee.com\/modeliuoklt\">https:\/\/contribee.com\/modeliuoklt<\/a><\/p>\n<p style=\"text-align: justify;\">V\u0161\u012e veiklai organizuoti yra reikalingi finansiniai i\u0161tekliai, tod\u0117l pra\u0161ome vis\u0173 priva\u010di\u0173 asmen\u0173 ir organizacij\u0173, palaikan\u010di\u0173 m\u016bs\u0173 id\u0117jas ir siekius, paremti m\u016bs\u0173 organizacij\u0105 finansi\u0161kai arba skiriant 2 procentus metinio gyventojo pajam\u0173 mokes\u010dio.<\/p>\n<p style=\"text-align: justify;\">Visi paramos pinigai bus skirti tik V\u0161\u012e veiklai, renginiams organizuoti. U\u017e param\u0105 savo interneto svetain\u0117je galime patalpinti r\u0117m\u0117j\u0173 logotipus, taip pat paskelbsime asmen\u0173, par\u0117musi\u0173 V\u0161\u012e IPMS Modeliuok s\u0105ra\u0161\u0105, nebent pats asmuo pageidaus, kad jo vardas ir pavard\u0117 neb\u016bt\u0173 skelbiami vie\u0161ai.<\/p>\n<p style=\"text-align: justify;\">Paramos gav\u0117jo duomenys:<\/p>\n<p style=\"text-align: justify;\"><strong>V\u0160\u012e IPMS MODELIUOK<\/strong><\/p>\n<p>Adresas: Jona\u017eoli\u0173 g.7-3, Vilnius, LT-04138<\/p>\n<p>\u012emon\u0117s kodas: 306340728<\/p>\n<p>Banko s\u0105skaitos Nr. LT814010051005735130 AB Luminor<\/p>\n<p>info@modeliuok.lt<\/p>\n","protected":false},"excerpt":{"rendered":"<p>Remkite mus contribee https:\/\/contribee.com\/modeliuoklt V\u0161\u012e veiklai organizuoti yra reikalingi finansiniai i\u0161tekliai, tod\u0117l pra\u0161ome vis\u0173 priva\u010di\u0173 asmen\u0173 ir organizacij\u0173, palaikan\u010di\u0173 m\u016bs\u0173 id\u0117jas ir siekius, paremti m\u016bs\u0173 organizacij\u0105 finansi\u0161kai arba skiriant 2 procentus metinio gyventojo pajam\u0173 mokes\u010dio. Visi paramos pinigai bus skirti tik V\u0161\u012e veiklai, renginiams organizuoti. U\u017e param\u0105 savo interneto svetain\u0117je galime patalpinti r\u0117m\u0117j\u0173 logotipus, taip [&hellip;]<\/p>\n","protected":false},"author":1,"featured_media":0,"parent":0,"menu_order":0,"comment_status":"open","ping_status":"open","template":"","meta":{"ngg_post_thumbnail":0,"footnotes":""},"_links":{"self":[{"href":"https:\/\/modeliuok.lt\/index.php?rest_route=\/wp\/v2\/pages\/3055"}],"collection":[{"href":"https:\/\/modeliuok.lt\/index.php?rest_route=\/wp\/v2\/pages"}],"about":[{"href":"https:\/\/modeliuok.lt\/index.php?rest_route=\/wp\/v2\/types\/page"}],"author":[{"embeddable":true,"href":"https:\/\/modeliuok.lt\/index.php?rest_route=\/wp\/v2\/users\/1"}],"replies":[{"embeddable":true,"href":"https:\/\/modeliuok.lt\/index.php?rest_route=%2Fwp%2Fv2%2Fcomments&post=3055"}],"version-history":[{"count":6,"href":"https:\/\/modeliuok.lt\/index.php?rest_route=\/wp\/v2\/pages\/3055\/revisions"}],"predecessor-version":[{"id":12392,"href":"https:\/\/modeliuok.lt\/index.php?rest_route=\/wp\/v2\/pages\/3055\/revisions\/12392"}],"wp:attachment":[{"href":"https:\/\/modeliuok.lt\/index.php?rest_route=%2Fwp%2Fv2%2Fmedia&parent=3055"}],"curies":[{"name":"wp","href":"https:\/\/api.w.org\/{rel}","templated":true}]}}