{"id":3059,"date":"2009-07-10T18:30:34","date_gmt":"2009-07-10T15:30:34","guid":{"rendered":"http:\/\/modeliuok.lt\/?page_id=3059"},"modified":"2023-07-03T23:45:22","modified_gmt":"2023-07-03T20:45:22","slug":"nuveikti-darbai","status":"publish","type":"page","link":"https:\/\/modeliuok.lt\/?page_id=3059","title":{"rendered":"Nuveikti darbai"},"content":{"rendered":"<p style=\"text-align: justify;\">2009-01-24 &#8211; 2009-01-25 \u012fvyko m\u016bs\u0173 organizuotas stendini\u0173 modeli\u0173 konkursas, kuris tapo did\u017eiausiu Lietuvoje tokio pob\u016bd\u017eio renginiu, kuriame dalyvavo modeliuotojai ne tik i\u0161 Lietuvos, bet ir i\u0161 Lenkijos bei Latvijos. Konkursas buvo nemokamas tiek dalyviams, tiek \u017ei\u016brovams.<\/p>\n<p><a href=\"https:\/\/modeliuok.lt\/?p=2663\" target=\"_blank\" rel=\"noopener noreferrer\">Straipsnis apie konkurs\u0105<\/a><\/p>\n<p>Modeliuok.LT par\u0117m\u0117 prizais jaunimo stendini\u0173 modeli\u0173 konkurs\u0105, kur\u012f, 2009 m. vasario m\u0117n.,&nbsp; organizavo Kauno mokini\u0173 technin\u0117s k\u016brybos centras.<\/p>\n<p><a href=\"https:\/\/modeliuok.lt\/?p=3007\" target=\"_blank\" rel=\"noopener noreferrer\">Straispnis apie konkurs\u0105<\/a><\/p>\n<p>Modeliuok.LT klubo nariai 2009 m. gegu\u017e\u0117s 01-03 dienomis dalyvavo stendini\u0173 modeli\u0173 konkurse Lenkijoje, Wschovos mieste. Modeliuok.LT klubas u\u017e\u0117m\u0117 9 viet\u0105 i\u0161 19 klub\u0173.<\/p>\n<p><a href=\"https:\/\/modeliuok.lt\/?p=3045\" target=\"_blank\" rel=\"noopener noreferrer\">Straipsnis apie konkurs\u0105<\/a><\/p>\n<p>Modeliuok.LT klubo nariai 2009 m. spalio m\u0117n.&nbsp; dalyvavo IV Liublino&nbsp; stendini\u0173 modeli\u0173 konkurse Lenkijoje, Liublino mieste.<\/p>\n<p><a href=\"http:\/\/www.modeliuok.lt\/forum\/viewtopic.php?f=24&amp;t=88\" target=\"_blank\" rel=\"noopener noreferrer\"><span style=\"text-decoration: underline;\"><span style=\"color: #0000ff;\">\u012esp\u016bd\u017eiai i\u0161 konkurso<\/span><\/span><\/a><\/p>\n<p>2010-04-30 &#8211; 2010-05-02 \u012fvyko&nbsp; Modeliuok LT klubo&nbsp; organizuotas II tarptautinis Vilniaus stendini\u0173 modeli\u0173 konkursas-paroda, kuris dar kart\u0105 tapo did\u017eiausiu Lietuvoje ir trijose Baltijos valstyb\u0117se tokio pob\u016bd\u017eio renginiu, kuriame dalyvavo modeliuotojai&nbsp; i\u0161 Lietuvos,&nbsp; Lenkijos bei Latvijos. Konkursas buvo \u017eymiai didesnis negu 2009 metais, tod\u0117l galime pasid\u017eiaugti tuo, kad augame.<\/p>\n<p><a href=\"https:\/\/modeliuok.lt\/?p=3387\" target=\"_blank\" rel=\"noopener noreferrer\"><span style=\"color: #0000ff;\"><span style=\"text-decoration: underline;\">Straipsnis apie konkurs\u0105<\/span><\/span><\/a><\/p>\n<p>Modeliuok.LT klubo nariai 2010 m. bir\u017eelio&nbsp; m\u0117n. 11-13 &nbsp; dalyvavo Vroclavo kartonini\u0173&nbsp; stendini\u0173 modeli\u0173 konkurse Lenkijoje.<\/p>\n<p><a href=\"https:\/\/modeliuok.lt\/?p=3421\" target=\"_blank\" rel=\"noopener noreferrer\"><span style=\"color: #0000ff;\"><span style=\"text-decoration: underline;\">Straipsnis apie konkurs\u0105<\/span><\/span><\/a><\/p>\n<p>Modeliuok LT klubo nariai2010 m. spalio m\u0117n. dalyvavo V Liublino stendini\u0173 modeli\u0173 konkurse Lenkijoje.<\/p>\n<p><a href=\"http:\/\/www.modeliuok.lt\/forum\/viewtopic.php?f=24&amp;t=303\" target=\"_blank\" rel=\"noopener noreferrer\">\u012esp\u016bd\u017eiai i\u0161 konkurso<\/a><\/p>\n<p>Modeliuok LT pristat\u0117 modeliavim\u0105 Lietuvos kariuomen\u0117s ir visuomen\u0117s dienos metu 2011 m.<\/p>\n<p><a href=\"https:\/\/modeliuok.lt\/?p=3519\" target=\"_blank\" rel=\"noopener noreferrer\">Straipsnis<\/a><\/p>\n<p>2011 m.&nbsp; \u012fvyko III Vilniaus stendini\u0173 modeli\u0173 konkursas, organizuotas&nbsp; Modeliuok LT<\/p>\n<p><a href=\"https:\/\/modeliuok.lt\/?p=3546\" target=\"_blank\" rel=\"noopener noreferrer\">Straipsnis apie konkurs\u0105<\/a><\/p>\n<p>2011 m. rugs\u0117jo m\u0117nes\u012f, kartu su Sostin\u0117s dien\u0173 organizatoriais organizavo parod\u0105 &#8222;Lietuvi\u0161ko uosto herojai&#8221;.<\/p>\n<p>2011 m. klubo Modeliuok LT nariai dalyvavo Rygos stendini\u0173 modeli\u0173 konkurse Latvijoje<\/p>\n<p><a href=\"http:\/\/www.modeliuok.lt\/forum\/viewtopic.php?f=24&amp;t=474\" target=\"_blank\" rel=\"noopener noreferrer\">\u012esp\u016bd\u017eiai i\u0161 konkurso<\/a><\/p>\n<p>2011 m. klubo Modeliuok LT nariai dalyvavo stendini\u0173 modeli\u0173 konkurse Ole\u0161nicoje, Lenkijoje.<\/p>\n<p><a href=\"http:\/\/www.modeliuok.lt\/forum\/viewtopic.php?f=24&amp;t=503\" target=\"_blank\" rel=\"noopener noreferrer\">\u012esp\u016bd\u017eiai i\u0161 konkurso<\/a><\/p>\n<p>&nbsp;<\/p>\n<p><span style=\"color: #0000ff;\"><span style=\"color: #000000;\"><span style=\"color: #3366ff;\">&nbsp;<\/span><\/span><\/span><\/p>\n","protected":false},"excerpt":{"rendered":"<p>2009-01-24 &#8211; 2009-01-25 \u012fvyko m\u016bs\u0173 organizuotas stendini\u0173 modeli\u0173 konkursas, kuris tapo did\u017eiausiu Lietuvoje tokio pob\u016bd\u017eio renginiu, kuriame dalyvavo modeliuotojai ne tik i\u0161 Lietuvos, bet ir i\u0161 Lenkijos bei Latvijos. Konkursas buvo nemokamas tiek dalyviams, tiek \u017ei\u016brovams. Straipsnis apie konkurs\u0105 Modeliuok.LT par\u0117m\u0117 prizais jaunimo stendini\u0173 modeli\u0173 konkurs\u0105, kur\u012f, 2009 m. vasario m\u0117n.,&nbsp; organizavo Kauno mokini\u0173 technin\u0117s [&hellip;]<\/p>\n","protected":false},"author":1,"featured_media":0,"parent":0,"menu_order":0,"comment_status":"open","ping_status":"open","template":"","meta":{"ngg_post_thumbnail":0,"footnotes":""},"_links":{"self":[{"href":"https:\/\/modeliuok.lt\/index.php?rest_route=\/wp\/v2\/pages\/3059"}],"collection":[{"href":"https:\/\/modeliuok.lt\/index.php?rest_route=\/wp\/v2\/pages"}],"about":[{"href":"https:\/\/modeliuok.lt\/index.php?rest_route=\/wp\/v2\/types\/page"}],"author":[{"embeddable":true,"href":"https:\/\/modeliuok.lt\/index.php?rest_route=\/wp\/v2\/users\/1"}],"replies":[{"embeddable":true,"href":"https:\/\/modeliuok.lt\/index.php?rest_route=%2Fwp%2Fv2%2Fcomments&post=3059"}],"version-history":[{"count":10,"href":"https:\/\/modeliuok.lt\/index.php?rest_route=\/wp\/v2\/pages\/3059\/revisions"}],"predecessor-version":[{"id":12387,"href":"https:\/\/modeliuok.lt\/index.php?rest_route=\/wp\/v2\/pages\/3059\/revisions\/12387"}],"wp:attachment":[{"href":"https:\/\/modeliuok.lt\/index.php?rest_route=%2Fwp%2Fv2%2Fmedia&parent=3059"}],"curies":[{"name":"wp","href":"https:\/\/api.w.org\/{rel}","templated":true}]}}